{"id":1034,"date":"2023-12-22T16:18:49","date_gmt":"2023-12-22T15:18:49","guid":{"rendered":"https:\/\/transferbagagli.it\/gepaecktransport\/"},"modified":"2026-03-13T14:15:49","modified_gmt":"2026-03-13T13:15:49","slug":"gepaecktransport","status":"publish","type":"page","link":"https:\/\/transferbagagli.it\/de\/gepaecktransport\/","title":{"rendered":"Gep\u00e4cktransport"},"content":{"rendered":"\t\t<div data-elementor-type=\"wp-page\" data-elementor-id=\"1034\" class=\"elementor elementor-1034 elementor-238\" data-elementor-post-type=\"page\">\n\t\t\t\t<div class=\"elementor-element elementor-element-c020022 e-flex e-con-boxed e-con e-parent\" data-id=\"c020022\" data-element_type=\"container\" data-e-type=\"container\" data-settings=\"{&quot;background_background&quot;:&quot;classic&quot;}\">\n\t\t\t\t\t<div class=\"e-con-inner\">\n\t\t<div class=\"elementor-element elementor-element-4677286 e-con-full e-flex e-con e-child\" data-id=\"4677286\" data-element_type=\"container\" data-e-type=\"container\">\n\t\t<div class=\"elementor-element elementor-element-5e8ee32 e-flex e-con-boxed e-con e-child\" data-id=\"5e8ee32\" data-element_type=\"container\" data-e-type=\"container\">\n\t\t\t\t\t<div class=\"e-con-inner\">\n\t\t\t\t<div class=\"elementor-element elementor-element-9a93d89 elementor-icon-list--layout-inline elementor-align-center elementor-widget__width-auto elementor-list-item-link-full_width elementor-widget elementor-widget-icon-list\" data-id=\"9a93d89\" data-element_type=\"widget\" data-e-type=\"widget\" data-widget_type=\"icon-list.default\">\n\t\t\t\t<div class=\"elementor-widget-container\">\n\t\t\t\t\t\t\t<ul class=\"elementor-icon-list-items elementor-inline-items\">\n\t\t\t\t\t\t\t<li class=\"elementor-icon-list-item elementor-inline-item\">\n\t\t\t\t\t\t\t\t\t\t\t<a href=\"#\">\n\n\t\t\t\t\t\t\t\t\t\t\t<span class=\"elementor-icon-list-text\">Startseite<\/span>\n\t\t\t\t\t\t\t\t\t\t\t<\/a>\n\t\t\t\t\t\t\t\t\t<\/li>\n\t\t\t\t\t\t\t\t<li class=\"elementor-icon-list-item elementor-inline-item\">\n\t\t\t\t\t\t\t\t\t\t<span class=\"elementor-icon-list-text\"><\/span>\n\t\t\t\t\t\t\t\t\t<\/li>\n\t\t\t\t\t\t<\/ul>\n\t\t\t\t\t\t<\/div>\n\t\t\t\t<\/div>\n\t\t\t\t\t<\/div>\n\t\t\t\t<\/div>\n\t\t\t\t<\/div>\n\t\t\t\t\t<\/div>\n\t\t\t\t<\/div>\n\t\t<div class=\"elementor-element elementor-element-fa0e3d0 e-flex e-con-boxed e-con e-parent\" data-id=\"fa0e3d0\" data-element_type=\"container\" data-e-type=\"container\">\n\t\t\t\t\t<div class=\"e-con-inner\">\n\t\t<div class=\"elementor-element elementor-element-31c8145 e-con-full e-flex e-con e-child\" data-id=\"31c8145\" data-element_type=\"container\" data-e-type=\"container\">\n\t\t\t\t<div class=\"elementor-element elementor-element-ac349cc elementor-widget__width-auto elementor-widget elementor-widget-image\" data-id=\"ac349cc\" data-element_type=\"widget\" data-e-type=\"widget\" data-widget_type=\"image.default\">\n\t\t\t\t<div class=\"elementor-widget-container\">\n\t\t\t\t\t\t\t\t\t\t\t\t\t\t\t<img fetchpriority=\"high\" decoding=\"async\" width=\"540\" height=\"446\" src=\"https:\/\/transferbagagli.it\/wp-content\/uploads\/2023\/12\/transferBagagli-side.webp\" class=\"attachment-large size-large wp-image-1035\" alt=\"\" srcset=\"https:\/\/transferbagagli.it\/wp-content\/uploads\/2023\/12\/transferBagagli-side.webp 540w, https:\/\/transferbagagli.it\/wp-content\/uploads\/2023\/12\/transferBagagli-side-300x248.webp 300w\" sizes=\"(max-width: 540px) 100vw, 540px\" \/>\t\t\t\t\t\t\t\t\t\t\t\t\t\t\t<\/div>\n\t\t\t\t<\/div>\n\t\t\t\t<\/div>\n\t\t<div class=\"elementor-element elementor-element-fff4c8c e-con-full e-flex e-con e-child\" data-id=\"fff4c8c\" data-element_type=\"container\" data-e-type=\"container\">\n\t\t\t\t<div class=\"elementor-element elementor-element-caf88f3 elementor-widget elementor-widget-heading\" data-id=\"caf88f3\" data-element_type=\"widget\" data-e-type=\"widget\" data-widget_type=\"heading.default\">\n\t\t\t\t<div class=\"elementor-widget-container\">\n\t\t\t\t\t<h2 class=\"elementor-heading-title elementor-size-default\">Was wir tun: Gep\u00e4cktransport-Service<\/h2>\t\t\t\t<\/div>\n\t\t\t\t<\/div>\n\t\t\t\t<div class=\"elementor-element elementor-element-08f2207 elementor-widget elementor-widget-heading\" data-id=\"08f2207\" data-element_type=\"widget\" data-e-type=\"widget\" data-widget_type=\"heading.default\">\n\t\t\t\t<div class=\"elementor-widget-container\">\n\t\t\t\t\t<h3 class=\"elementor-heading-title elementor-size-default\">Der Transport Ihres Gep\u00e4cks ist unsere Priorit\u00e4t!<\/h3>\t\t\t\t<\/div>\n\t\t\t\t<\/div>\n\t\t\t\t<div class=\"elementor-element elementor-element-d7ad562 elementor-widget elementor-widget-text-editor\" data-id=\"d7ad562\" data-element_type=\"widget\" data-e-type=\"widget\" data-widget_type=\"text-editor.default\">\n\t\t\t\t<div class=\"elementor-widget-container\">\n\t\t\t\t\t\t\t\t\t<p>Wir holen, transportieren und liefern Ihr Gep\u00e4ck von\/nach:<\/p><p>&#8211; Rom Stadt<br>&#8211; Flughafen Fiumicino<br>&#8211; Hafen von Civitavecchia<br>&#8211; Florenz<br>&#8211; Neapel und Amalfik\u00fcste<br>&#8211; Bologna<br>&#8211; Mailand<\/p><p>und alle italienischen und europ\u00e4ischen Kunstst\u00e4dte.<\/p>\t\t\t\t\t\t\t\t<\/div>\n\t\t\t\t<\/div>\n\t\t\t\t<\/div>\n\t\t\t\t\t<\/div>\n\t\t\t\t<\/div>\n\t\t<div class=\"elementor-element elementor-element-f18d428 e-flex e-con-boxed e-con e-parent\" data-id=\"f18d428\" data-element_type=\"container\" data-e-type=\"container\" data-settings=\"{&quot;background_background&quot;:&quot;classic&quot;}\">\n\t\t\t\t\t<div class=\"e-con-inner\">\n\t\t<div class=\"elementor-element elementor-element-55fe5ce e-con-full e-flex e-con e-child\" data-id=\"55fe5ce\" data-element_type=\"container\" data-e-type=\"container\">\n\t\t\t\t<div class=\"elementor-element elementor-element-1a0afd7 elementor-widget__width-initial elementor-widget elementor-widget-heading\" data-id=\"1a0afd7\" data-element_type=\"widget\" data-e-type=\"widget\" data-widget_type=\"heading.default\">\n\t\t\t\t<div class=\"elementor-widget-container\">\n\t\t\t\t\t<h2 class=\"elementor-heading-title elementor-size-default\">Fordern Sie ein Angebot f\u00fcr den Transport Ihres Gep\u00e4cks an<\/h2>\t\t\t\t<\/div>\n\t\t\t\t<\/div>\n\t\t\t\t<div class=\"elementor-element elementor-element-7254b27 elementor-widget elementor-widget-text-editor\" data-id=\"7254b27\" data-element_type=\"widget\" data-e-type=\"widget\" data-widget_type=\"text-editor.default\">\n\t\t\t\t<div class=\"elementor-widget-container\">\n\t\t\t\t\t\t\t\t\tAlle unsere Fahrzeuge sind versiegelt, um Vertraulichkeit, Effizienz und\nSicherheit zu gew\u00e4hrleisten.\t\t\t\t\t\t\t\t<\/div>\n\t\t\t\t<\/div>\n\t\t\t\t<\/div>\n\t\t<div class=\"elementor-element elementor-element-c106655 e-con-full e-flex e-con e-child\" data-id=\"c106655\" data-element_type=\"container\" data-e-type=\"container\">\n\t\t\t\t<div class=\"elementor-element elementor-element-9b03c45 elementor-align-right elementor-mobile-align-center elementor-widget elementor-widget-button\" data-id=\"9b03c45\" data-element_type=\"widget\" data-e-type=\"widget\" data-widget_type=\"button.default\">\n\t\t\t\t<div class=\"elementor-widget-container\">\n\t\t\t\t\t\t\t\t\t<div class=\"elementor-button-wrapper\">\n\t\t\t\t\t<a class=\"elementor-button elementor-button-link elementor-size-sm\" href=\"https:\/\/transferbagagli.it\/contatti\/\">\n\t\t\t\t\t\t<span class=\"elementor-button-content-wrapper\">\n\t\t\t\t\t\t\t\t\t<span class=\"elementor-button-text\">Kontaktieren Sie uns<\/span>\n\t\t\t\t\t<\/span>\n\t\t\t\t\t<\/a>\n\t\t\t\t<\/div>\n\t\t\t\t\t\t\t\t<\/div>\n\t\t\t\t<\/div>\n\t\t\t\t<\/div>\n\t\t\t\t\t<\/div>\n\t\t\t\t<\/div>\n\t\t\t\t<\/div>\n\t\t","protected":false},"excerpt":{"rendered":"<p>Startseite Was wir tun: Gep\u00e4cktransport-Service Der Transport Ihres Gep\u00e4cks ist unsere Priorit\u00e4t! Wir holen, transportieren und liefern Ihr Gep\u00e4ck von\/nach: &#8211; Rom Stadt&#8211; Flughafen Fiumicino&#8211; Hafen von Civitavecchia&#8211; Florenz&#8211; Neapel und Amalfik\u00fcste&#8211; Bologna&#8211; Mailand und alle italienischen und europ\u00e4ischen Kunstst\u00e4dte. Fordern Sie ein Angebot f\u00fcr den Transport Ihres Gep\u00e4cks an Alle unsere Fahrzeuge sind versiegelt, [&hellip;]<\/p>\n","protected":false},"author":1,"featured_media":0,"parent":0,"menu_order":0,"comment_status":"closed","ping_status":"closed","template":"","meta":{"footnotes":""},"class_list":["post-1034","page","type-page","status-publish","hentry"],"_links":{"self":[{"href":"https:\/\/transferbagagli.it\/de\/wp-json\/wp\/v2\/pages\/1034","targetHints":{"allow":["GET"]}}],"collection":[{"href":"https:\/\/transferbagagli.it\/de\/wp-json\/wp\/v2\/pages"}],"about":[{"href":"https:\/\/transferbagagli.it\/de\/wp-json\/wp\/v2\/types\/page"}],"author":[{"embeddable":true,"href":"https:\/\/transferbagagli.it\/de\/wp-json\/wp\/v2\/users\/1"}],"replies":[{"embeddable":true,"href":"https:\/\/transferbagagli.it\/de\/wp-json\/wp\/v2\/comments?post=1034"}],"version-history":[{"count":2,"href":"https:\/\/transferbagagli.it\/de\/wp-json\/wp\/v2\/pages\/1034\/revisions"}],"predecessor-version":[{"id":1038,"href":"https:\/\/transferbagagli.it\/de\/wp-json\/wp\/v2\/pages\/1034\/revisions\/1038"}],"wp:attachment":[{"href":"https:\/\/transferbagagli.it\/de\/wp-json\/wp\/v2\/media?parent=1034"}],"curies":[{"name":"wp","href":"https:\/\/api.w.org\/{rel}","templated":true}]}}