{"id":1109,"date":"2023-12-22T10:49:56","date_gmt":"2023-12-22T09:49:56","guid":{"rendered":"https:\/\/transferbagagli.it\/ueber-uns\/"},"modified":"2026-03-13T14:16:09","modified_gmt":"2026-03-13T13:16:09","slug":"ueber-uns","status":"publish","type":"page","link":"https:\/\/transferbagagli.it\/de\/ueber-uns\/","title":{"rendered":"\u00dcber uns"},"content":{"rendered":"\t\t<div data-elementor-type=\"wp-page\" data-elementor-id=\"1109\" class=\"elementor elementor-1109 elementor-183\" data-elementor-post-type=\"page\">\n\t\t\t\t<div class=\"elementor-element elementor-element-1e0413ac e-flex e-con-boxed e-con e-parent\" data-id=\"1e0413ac\" data-element_type=\"container\" data-e-type=\"container\" data-settings=\"{&quot;background_background&quot;:&quot;classic&quot;}\">\n\t\t\t\t\t<div class=\"e-con-inner\">\n\t\t<div class=\"elementor-element elementor-element-155545 e-con-full e-flex e-con e-child\" data-id=\"155545\" data-element_type=\"container\" data-e-type=\"container\">\n\t\t<div class=\"elementor-element elementor-element-49813f9c e-flex e-con-boxed e-con e-child\" data-id=\"49813f9c\" data-element_type=\"container\" data-e-type=\"container\">\n\t\t\t\t\t<div class=\"e-con-inner\">\n\t\t\t\t<div class=\"elementor-element elementor-element-c3f1c46 elementor-icon-list--layout-inline elementor-align-center elementor-widget__width-auto elementor-list-item-link-full_width elementor-widget elementor-widget-icon-list\" data-id=\"c3f1c46\" data-element_type=\"widget\" data-e-type=\"widget\" data-widget_type=\"icon-list.default\">\n\t\t\t\t<div class=\"elementor-widget-container\">\n\t\t\t\t\t\t\t<ul class=\"elementor-icon-list-items elementor-inline-items\">\n\t\t\t\t\t\t\t<li class=\"elementor-icon-list-item elementor-inline-item\">\n\t\t\t\t\t\t\t\t\t\t\t<a href=\"#\">\n\n\t\t\t\t\t\t\t\t\t\t\t<span class=\"elementor-icon-list-text\">Startseite<\/span>\n\t\t\t\t\t\t\t\t\t\t\t<\/a>\n\t\t\t\t\t\t\t\t\t<\/li>\n\t\t\t\t\t\t\t\t<li class=\"elementor-icon-list-item elementor-inline-item\">\n\t\t\t\t\t\t\t\t\t\t<span class=\"elementor-icon-list-text\"><\/span>\n\t\t\t\t\t\t\t\t\t<\/li>\n\t\t\t\t\t\t<\/ul>\n\t\t\t\t\t\t<\/div>\n\t\t\t\t<\/div>\n\t\t\t\t\t<\/div>\n\t\t\t\t<\/div>\n\t\t\t\t<\/div>\n\t\t\t\t\t<\/div>\n\t\t\t\t<\/div>\n\t\t<div class=\"elementor-element elementor-element-6a1cf58a e-flex e-con-boxed e-con e-parent\" data-id=\"6a1cf58a\" data-element_type=\"container\" data-e-type=\"container\">\n\t\t\t\t\t<div class=\"e-con-inner\">\n\t\t<div class=\"elementor-element elementor-element-67c0e27 e-con-full e-flex e-con e-child\" data-id=\"67c0e27\" data-element_type=\"container\" data-e-type=\"container\">\n\t\t\t\t<div class=\"elementor-element elementor-element-6fb17c1 elementor-widget elementor-widget-heading\" data-id=\"6fb17c1\" data-element_type=\"widget\" data-e-type=\"widget\" data-widget_type=\"heading.default\">\n\t\t\t\t<div class=\"elementor-widget-container\">\n\t\t\t\t\t<h3 class=\"elementor-heading-title elementor-size-default\">Gep\u00e4cktransport nach und von Rom<\/h3>\t\t\t\t<\/div>\n\t\t\t\t<\/div>\n\t\t\t\t<div class=\"elementor-element elementor-element-6dbe14f elementor-widget elementor-widget-heading\" data-id=\"6dbe14f\" data-element_type=\"widget\" data-e-type=\"widget\" data-widget_type=\"heading.default\">\n\t\t\t\t<div class=\"elementor-widget-container\">\n\t\t\t\t\t<p class=\"elementor-heading-title elementor-size-default\">Eine Gruppe dynamischer, erfahrener und leidenschaftlicher Menschen, die seit 15 Jahren in der Tourismusbranche t\u00e4tig sind.<\/p>\t\t\t\t<\/div>\n\t\t\t\t<\/div>\n\t\t\t\t<div class=\"elementor-element elementor-element-7ca4ec20 elementor-widget elementor-widget-heading\" data-id=\"7ca4ec20\" data-element_type=\"widget\" data-e-type=\"widget\" data-widget_type=\"heading.default\">\n\t\t\t\t<div class=\"elementor-widget-container\">\n\t\t\t\t\t<p class=\"elementor-heading-title elementor-size-default\">\"Mit Sorgfalt und Pr\u00e4zision transportieren wir Ihr Gep\u00e4ck und sorgen f\u00fcr sorgenfreie Reiseerlebnisse.\"<\/p>\t\t\t\t<\/div>\n\t\t\t\t<\/div>\n\t\t\t\t<\/div>\n\t\t<div class=\"elementor-element elementor-element-b84c061 e-con-full e-flex e-con e-child\" data-id=\"b84c061\" data-element_type=\"container\" data-e-type=\"container\">\n\t\t<div class=\"elementor-element elementor-element-1d746f02 e-con-full e-flex e-con e-child\" data-id=\"1d746f02\" data-element_type=\"container\" data-e-type=\"container\">\n\t\t\t\t<div class=\"elementor-element elementor-element-5b1f1422 elementor-widget__width-auto elementor-widget elementor-widget-image\" data-id=\"5b1f1422\" data-element_type=\"widget\" data-e-type=\"widget\" data-widget_type=\"image.default\">\n\t\t\t\t<div class=\"elementor-widget-container\">\n\t\t\t\t\t\t\t\t\t\t\t\t\t\t\t<img fetchpriority=\"high\" decoding=\"async\" width=\"540\" height=\"446\" src=\"https:\/\/transferbagagli.it\/wp-content\/uploads\/2023\/12\/chiSiamo-side.webp\" class=\"attachment-large size-large wp-image-1113\" alt=\"\" srcset=\"https:\/\/transferbagagli.it\/wp-content\/uploads\/2023\/12\/chiSiamo-side.webp 540w, https:\/\/transferbagagli.it\/wp-content\/uploads\/2023\/12\/chiSiamo-side-300x248.webp 300w\" sizes=\"(max-width: 540px) 100vw, 540px\" \/>\t\t\t\t\t\t\t\t\t\t\t\t\t\t\t<\/div>\n\t\t\t\t<\/div>\n\t\t\t\t<\/div>\n\t\t<div class=\"elementor-element elementor-element-17609268 e-con-full e-flex e-con e-child\" data-id=\"17609268\" data-element_type=\"container\" data-e-type=\"container\">\n\t\t\t\t<div class=\"elementor-element elementor-element-5b9e3306 elementor-widget elementor-widget-text-editor\" data-id=\"5b9e3306\" data-element_type=\"widget\" data-e-type=\"widget\" data-widget_type=\"text-editor.default\">\n\t\t\t\t<div class=\"elementor-widget-container\">\n\t\t\t\t\t\t\t\t\t<p><a href=\"https:\/\/transferbagagli.it\/de\/\">Capital Truck<\/a> wurde 2009 von einer Gruppe von Personen mit langj\u00e4hriger Erfahrung in den Bereichen integrierte Logistik, Transport, Portierdienste, Lagerhaltung und Lagerung gegr\u00fcndet.<\/p><p>Unsere St\u00e4rke:<\/p><p>&#8211; Die Bed\u00fcrfnisse des Kunden verstehen und ein ma\u00dfgeschneidertes Logistiksystem entwerfen;<\/p><p>&#8211; Wir bieten Ihnen einen umfassenden Service, der alle W\u00fcnsche erf\u00fcllt;<\/p><p>&#8211; Abholung, Transport und Zustellung von Waren mit P\u00fcnktlichkeit, Zuverl\u00e4ssigkeit, Verf\u00fcgbarkeit und Kontrolle.<\/p><p>Nach einer langen Erfahrung in der Welt des G\u00fctertransports f\u00fcr Dritte haben wir unsere F\u00e4higkeiten und Eigenschaften mit dem Tourismussektor kombiniert. Indem wir stets angemessene Einrichtungen und Mittel garantieren, sind wir im Laufe der Jahre in eine Welt voller Aufregung und Herausforderungen eingetreten!<\/p><p>All dies hat ein dynamisches, erfahrenes und leidenschaftliches Team von Mitarbeitern hervorgebracht, das Ihr Gep\u00e4ck sorgf\u00e4ltig und pr\u00e4zise transportiert und jeden Tag neue Reisegeschichten schreibt.<\/p>\t\t\t\t\t\t\t\t<\/div>\n\t\t\t\t<\/div>\n\t\t\t\t<\/div>\n\t\t\t\t<\/div>\n\t\t\t\t\t<\/div>\n\t\t\t\t<\/div>\n\t\t<div class=\"elementor-element elementor-element-4e7f1df7 e-flex e-con-boxed e-con e-parent\" data-id=\"4e7f1df7\" data-element_type=\"container\" data-e-type=\"container\" data-settings=\"{&quot;background_background&quot;:&quot;classic&quot;}\">\n\t\t\t\t\t<div class=\"e-con-inner\">\n\t\t<div class=\"elementor-element elementor-element-58c63ce e-con-full e-flex e-con e-child\" data-id=\"58c63ce\" data-element_type=\"container\" data-e-type=\"container\">\n\t\t<div class=\"elementor-element elementor-element-25b838a9 e-con-full e-flex e-con e-child\" data-id=\"25b838a9\" data-element_type=\"container\" data-e-type=\"container\">\n\t\t<div class=\"elementor-element elementor-element-2c14a173 e-con-full e-flex e-con e-child\" data-id=\"2c14a173\" data-element_type=\"container\" data-e-type=\"container\">\n\t\t\t\t<div class=\"elementor-element elementor-element-65c7e1bf elementor-widget elementor-widget-counter\" data-id=\"65c7e1bf\" data-element_type=\"widget\" data-e-type=\"widget\" data-widget_type=\"counter.default\">\n\t\t\t\t<div class=\"elementor-widget-container\">\n\t\t\t\t\t\t\t<div class=\"elementor-counter\">\n\t\t\t\t\t\t<div class=\"elementor-counter-number-wrapper\">\n\t\t\t\t<span class=\"elementor-counter-number-prefix\"><\/span>\n\t\t\t\t<span class=\"elementor-counter-number\" data-duration=\"2000\" data-to-value=\"1400000\" data-from-value=\"0\" data-delimiter=\",\">0<\/span>\n\t\t\t\t<span class=\"elementor-counter-number-suffix\">  km<\/span>\n\t\t\t<\/div>\n\t\t<\/div>\n\t\t\t\t\t\t<\/div>\n\t\t\t\t<\/div>\n\t\t\t\t<div class=\"elementor-element elementor-element-429edea elementor-widget elementor-widget-heading\" data-id=\"429edea\" data-element_type=\"widget\" data-e-type=\"widget\" data-widget_type=\"heading.default\">\n\t\t\t\t<div class=\"elementor-widget-container\">\n\t\t\t\t\t<p class=\"elementor-heading-title elementor-size-default\">Routen zu Ihren Diensten<\/p>\t\t\t\t<\/div>\n\t\t\t\t<\/div>\n\t\t\t\t<\/div>\n\t\t<div class=\"elementor-element elementor-element-3bb7abf4 e-con-full e-flex e-con e-child\" data-id=\"3bb7abf4\" data-element_type=\"container\" data-e-type=\"container\">\n\t\t\t\t<div class=\"elementor-element elementor-element-8fadcb2 elementor-widget elementor-widget-counter\" data-id=\"8fadcb2\" data-element_type=\"widget\" data-e-type=\"widget\" data-widget_type=\"counter.default\">\n\t\t\t\t<div class=\"elementor-widget-container\">\n\t\t\t\t\t\t\t<div class=\"elementor-counter\">\n\t\t\t\t\t\t<div class=\"elementor-counter-number-wrapper\">\n\t\t\t\t<span class=\"elementor-counter-number-prefix\"><\/span>\n\t\t\t\t<span class=\"elementor-counter-number\" data-duration=\"2000\" data-to-value=\"210000\" data-from-value=\"0\" data-delimiter=\",\">0<\/span>\n\t\t\t\t<span class=\"elementor-counter-number-suffix\"><\/span>\n\t\t\t<\/div>\n\t\t<\/div>\n\t\t\t\t\t\t<\/div>\n\t\t\t\t<\/div>\n\t\t\t\t<div class=\"elementor-element elementor-element-788c13a9 elementor-widget elementor-widget-heading\" data-id=\"788c13a9\" data-element_type=\"widget\" data-e-type=\"widget\" data-widget_type=\"heading.default\">\n\t\t\t\t<div class=\"elementor-widget-container\">\n\t\t\t\t\t<p class=\"elementor-heading-title elementor-size-default\">getragene Reisekoffer<\/p>\t\t\t\t<\/div>\n\t\t\t\t<\/div>\n\t\t\t\t<\/div>\n\t\t<div class=\"elementor-element elementor-element-7cd589d3 e-con-full e-flex e-con e-child\" data-id=\"7cd589d3\" data-element_type=\"container\" data-e-type=\"container\">\n\t\t\t\t<div class=\"elementor-element elementor-element-38f1d0a0 elementor-widget elementor-widget-counter\" data-id=\"38f1d0a0\" data-element_type=\"widget\" data-e-type=\"widget\" data-widget_type=\"counter.default\">\n\t\t\t\t<div class=\"elementor-widget-container\">\n\t\t\t\t\t\t\t<div class=\"elementor-counter\">\n\t\t\t\t\t\t<div class=\"elementor-counter-number-wrapper\">\n\t\t\t\t<span class=\"elementor-counter-number-prefix\"><\/span>\n\t\t\t\t<span class=\"elementor-counter-number\" data-duration=\"2000\" data-to-value=\"100\" data-from-value=\"0\">0<\/span>\n\t\t\t\t<span class=\"elementor-counter-number-suffix\">+<\/span>\n\t\t\t<\/div>\n\t\t<\/div>\n\t\t\t\t\t\t<\/div>\n\t\t\t\t<\/div>\n\t\t\t\t<div class=\"elementor-element elementor-element-706901f7 elementor-widget elementor-widget-heading\" data-id=\"706901f7\" data-element_type=\"widget\" data-e-type=\"widget\" data-widget_type=\"heading.default\">\n\t\t\t\t<div class=\"elementor-widget-container\">\n\t\t\t\t\t<p class=\"elementor-heading-title elementor-size-default\">Partner arbeiten mit uns zusammen<\/p>\t\t\t\t<\/div>\n\t\t\t\t<\/div>\n\t\t\t\t<\/div>\n\t\t\t\t<\/div>\n\t\t\t\t<\/div>\n\t\t\t\t\t<\/div>\n\t\t\t\t<\/div>\n\t\t\t\t<\/div>\n\t\t","protected":false},"excerpt":{"rendered":"<p>Startseite Gep\u00e4cktransport nach und von Rom Eine Gruppe dynamischer, erfahrener und leidenschaftlicher Menschen, die seit 15 Jahren in der Tourismusbranche t\u00e4tig sind. &#8222;Mit Sorgfalt und Pr\u00e4zision transportieren wir Ihr Gep\u00e4ck und sorgen f\u00fcr sorgenfreie Reiseerlebnisse.&#8220; Capital Truck wurde 2009 von einer Gruppe von Personen mit langj\u00e4hriger Erfahrung in den Bereichen integrierte Logistik, Transport, Portierdienste, Lagerhaltung [&hellip;]<\/p>\n","protected":false},"author":1,"featured_media":0,"parent":0,"menu_order":0,"comment_status":"closed","ping_status":"closed","template":"","meta":{"footnotes":""},"class_list":["post-1109","page","type-page","status-publish","hentry"],"_links":{"self":[{"href":"https:\/\/transferbagagli.it\/de\/wp-json\/wp\/v2\/pages\/1109","targetHints":{"allow":["GET"]}}],"collection":[{"href":"https:\/\/transferbagagli.it\/de\/wp-json\/wp\/v2\/pages"}],"about":[{"href":"https:\/\/transferbagagli.it\/de\/wp-json\/wp\/v2\/types\/page"}],"author":[{"embeddable":true,"href":"https:\/\/transferbagagli.it\/de\/wp-json\/wp\/v2\/users\/1"}],"replies":[{"embeddable":true,"href":"https:\/\/transferbagagli.it\/de\/wp-json\/wp\/v2\/comments?post=1109"}],"version-history":[{"count":2,"href":"https:\/\/transferbagagli.it\/de\/wp-json\/wp\/v2\/pages\/1109\/revisions"}],"predecessor-version":[{"id":1118,"href":"https:\/\/transferbagagli.it\/de\/wp-json\/wp\/v2\/pages\/1109\/revisions\/1118"}],"wp:attachment":[{"href":"https:\/\/transferbagagli.it\/de\/wp-json\/wp\/v2\/media?parent=1109"}],"curies":[{"name":"wp","href":"https:\/\/api.w.org\/{rel}","templated":true}]}}