{"id":840,"date":"2023-12-22T16:48:50","date_gmt":"2023-12-22T15:48:50","guid":{"rendered":"https:\/\/transferbagagli.it\/die-routen\/"},"modified":"2026-03-13T14:16:04","modified_gmt":"2026-03-13T13:16:04","slug":"die-routen","status":"publish","type":"page","link":"https:\/\/transferbagagli.it\/de\/die-routen\/","title":{"rendered":"Die Routen"},"content":{"rendered":"\t\t<div data-elementor-type=\"wp-page\" data-elementor-id=\"840\" class=\"elementor elementor-840 elementor-290\" data-elementor-post-type=\"page\">\n\t\t\t\t<div class=\"elementor-element elementor-element-209f59cd e-flex e-con-boxed e-con e-parent\" data-id=\"209f59cd\" data-element_type=\"container\" data-e-type=\"container\" data-settings=\"{&quot;background_background&quot;:&quot;classic&quot;}\">\n\t\t\t\t\t<div class=\"e-con-inner\">\n\t\t<div class=\"elementor-element elementor-element-f5e1035 e-con-full e-flex e-con e-child\" data-id=\"f5e1035\" data-element_type=\"container\" data-e-type=\"container\">\n\t\t<div class=\"elementor-element elementor-element-4874386a e-flex e-con-boxed e-con e-child\" data-id=\"4874386a\" data-element_type=\"container\" data-e-type=\"container\">\n\t\t\t\t\t<div class=\"e-con-inner\">\n\t\t\t\t<div class=\"elementor-element elementor-element-6b1e7ea9 elementor-icon-list--layout-inline elementor-align-center elementor-widget__width-auto elementor-list-item-link-full_width elementor-widget elementor-widget-icon-list\" data-id=\"6b1e7ea9\" data-element_type=\"widget\" data-e-type=\"widget\" data-widget_type=\"icon-list.default\">\n\t\t\t\t<div class=\"elementor-widget-container\">\n\t\t\t\t\t\t\t<ul class=\"elementor-icon-list-items elementor-inline-items\">\n\t\t\t\t\t\t\t<li class=\"elementor-icon-list-item elementor-inline-item\">\n\t\t\t\t\t\t\t\t\t\t\t<a href=\"#\">\n\n\t\t\t\t\t\t\t\t\t\t\t<span class=\"elementor-icon-list-text\">Startseite<\/span>\n\t\t\t\t\t\t\t\t\t\t\t<\/a>\n\t\t\t\t\t\t\t\t\t<\/li>\n\t\t\t\t\t\t\t\t<li class=\"elementor-icon-list-item elementor-inline-item\">\n\t\t\t\t\t\t\t\t\t\t<span class=\"elementor-icon-list-text\"><\/span>\n\t\t\t\t\t\t\t\t\t<\/li>\n\t\t\t\t\t\t<\/ul>\n\t\t\t\t\t\t<\/div>\n\t\t\t\t<\/div>\n\t\t\t\t\t<\/div>\n\t\t\t\t<\/div>\n\t\t\t\t<\/div>\n\t\t\t\t\t<\/div>\n\t\t\t\t<\/div>\n\t\t<div class=\"elementor-element elementor-element-79d4fda5 e-flex e-con-boxed e-con e-parent\" data-id=\"79d4fda5\" data-element_type=\"container\" data-e-type=\"container\">\n\t\t\t\t\t<div class=\"e-con-inner\">\n\t\t<div class=\"elementor-element elementor-element-73e737cf e-con-full e-flex e-con e-child\" data-id=\"73e737cf\" data-element_type=\"container\" data-e-type=\"container\">\n\t\t\t\t<div class=\"elementor-element elementor-element-47457d1 elementor-widget elementor-widget-heading\" data-id=\"47457d1\" data-element_type=\"widget\" data-e-type=\"widget\" data-widget_type=\"heading.default\">\n\t\t\t\t<div class=\"elementor-widget-container\">\n\t\t\t\t\t<h2 class=\"elementor-heading-title elementor-size-default\">Gep\u00e4cktransfer-Service: Routen<\/h2>\t\t\t\t<\/div>\n\t\t\t\t<\/div>\n\t\t<div class=\"elementor-element elementor-element-fbc02c7 e-con-full e-flex e-con e-child\" data-id=\"fbc02c7\" data-element_type=\"container\" data-e-type=\"container\">\n\t\t<div class=\"elementor-element elementor-element-ee2e03f animated-slow e-con-full e-flex elementor-invisible e-con e-child\" data-id=\"ee2e03f\" data-element_type=\"container\" data-e-type=\"container\" data-settings=\"{&quot;animation&quot;:&quot;zoomIn&quot;}\">\n\t\t\t\t<div class=\"elementor-element elementor-element-26f26a6 elementor-widget elementor-widget-tfimagebox\" data-id=\"26f26a6\" data-element_type=\"widget\" data-e-type=\"widget\" data-widget_type=\"tfimagebox.default\">\n\t\t\t\t<div class=\"elementor-widget-container\">\n\t\t\t\t\t<div class=\"tf-imagebox style-3\">\r\n\t\t\t\t<div class=\"image\"><img fetchpriority=\"high\" decoding=\"async\" width=\"370\" height=\"470\" src=\"https:\/\/transferbagagli.it\/wp-content\/uploads\/2024\/01\/v02-aeroporti.webp\" class=\"attachment-large size-large wp-image-348\" alt=\"\" srcset=\"https:\/\/transferbagagli.it\/wp-content\/uploads\/2024\/01\/v02-aeroporti.webp 370w, https:\/\/transferbagagli.it\/wp-content\/uploads\/2024\/01\/v02-aeroporti-236x300.webp 236w\" sizes=\"(max-width: 370px) 100vw, 370px\" \/> <div class=\"image-overlay fade-in\"><\/div><\/div>\r\n\t\t\t\t<div class=\"content-only \"> <h4 class=\"title\"><a href=\"#\">von\/nach Fiumicino und Ciampinoab \u20ac399*.<\/a><\/h4><\/div>\r\n\t\t\t\t<div class=\"content \"> <h4 class=\"title\"><a href=\"#\">von\/nach Fiumicino und Ciampinoab \u20ac399*.<\/a><\/h4>  <\/div>\r\n\t\t\t<\/div>\t\t\t\t<\/div>\n\t\t\t\t<\/div>\n\t\t\t\t<\/div>\n\t\t<div class=\"elementor-element elementor-element-a0946ad animated-slow e-con-full e-flex elementor-invisible e-con e-child\" data-id=\"a0946ad\" data-element_type=\"container\" data-e-type=\"container\" data-settings=\"{&quot;animation&quot;:&quot;zoomIn&quot;}\">\n\t\t\t\t<div class=\"elementor-element elementor-element-4b014d9 elementor-widget elementor-widget-tfimagebox\" data-id=\"4b014d9\" data-element_type=\"widget\" data-e-type=\"widget\" data-widget_type=\"tfimagebox.default\">\n\t\t\t\t<div class=\"elementor-widget-container\">\n\t\t\t\t\t<div class=\"tf-imagebox style-3\">\r\n\t\t\t\t<div class=\"image\"><img decoding=\"async\" width=\"370\" height=\"470\" src=\"https:\/\/transferbagagli.it\/wp-content\/uploads\/2023\/12\/firenze.webp\" class=\"attachment-large size-large wp-image-122\" alt=\"\" srcset=\"https:\/\/transferbagagli.it\/wp-content\/uploads\/2023\/12\/firenze.webp 370w, https:\/\/transferbagagli.it\/wp-content\/uploads\/2023\/12\/firenze-236x300.webp 236w\" sizes=\"(max-width: 370px) 100vw, 370px\" \/> <div class=\"image-overlay fade-in\"><\/div><\/div>\r\n\t\t\t\t<div class=\"content-only \"> <h4 class=\"title\"><a href=\"#\">nach\/von Florenzab \u20ac699*.<\/a><\/h4><\/div>\r\n\t\t\t\t<div class=\"content \"> <h4 class=\"title\"><a href=\"#\">nach\/von Florenzab \u20ac699*.<\/a><\/h4>  <\/div>\r\n\t\t\t<\/div>\t\t\t\t<\/div>\n\t\t\t\t<\/div>\n\t\t\t\t<\/div>\n\t\t<div class=\"elementor-element elementor-element-b19336b animated-slow e-con-full e-flex elementor-invisible e-con e-child\" data-id=\"b19336b\" data-element_type=\"container\" data-e-type=\"container\" data-settings=\"{&quot;animation&quot;:&quot;zoomIn&quot;}\">\n\t\t\t\t<div class=\"elementor-element elementor-element-c80b186 elementor-widget elementor-widget-tfimagebox\" data-id=\"c80b186\" data-element_type=\"widget\" data-e-type=\"widget\" data-widget_type=\"tfimagebox.default\">\n\t\t\t\t<div class=\"elementor-widget-container\">\n\t\t\t\t\t<div class=\"tf-imagebox style-3\">\r\n\t\t\t\t<div class=\"image\"><img decoding=\"async\" width=\"370\" height=\"470\" src=\"https:\/\/transferbagagli.it\/wp-content\/uploads\/2023\/12\/civitavecchia.webp\" class=\"attachment-large size-large wp-image-120\" alt=\"\" srcset=\"https:\/\/transferbagagli.it\/wp-content\/uploads\/2023\/12\/civitavecchia.webp 370w, https:\/\/transferbagagli.it\/wp-content\/uploads\/2023\/12\/civitavecchia-236x300.webp 236w\" sizes=\"(max-width: 370px) 100vw, 370px\" \/> <div class=\"image-overlay fade-in\"><\/div><\/div>\r\n\t\t\t\t<div class=\"content-only \"> <h4 class=\"title\"><a href=\"#\">von \/ nach Civitavecchiaab 449\u20ac*<\/a><\/h4><\/div>\r\n\t\t\t\t<div class=\"content \"> <h4 class=\"title\"><a href=\"#\">von \/ nach Civitavecchiaab 449\u20ac*<\/a><\/h4>  <\/div>\r\n\t\t\t<\/div>\t\t\t\t<\/div>\n\t\t\t\t<\/div>\n\t\t\t\t<\/div>\n\t\t\t\t<\/div>\n\t\t<div class=\"elementor-element elementor-element-efcb605 e-con-full e-flex e-con e-child\" data-id=\"efcb605\" data-element_type=\"container\" data-e-type=\"container\">\n\t\t<div class=\"elementor-element elementor-element-3331f9a animated-slow e-con-full e-flex elementor-invisible e-con e-child\" data-id=\"3331f9a\" data-element_type=\"container\" data-e-type=\"container\" data-settings=\"{&quot;animation&quot;:&quot;zoomIn&quot;}\">\n\t\t\t\t<div class=\"elementor-element elementor-element-75ecdb5 elementor-widget elementor-widget-tfimagebox\" data-id=\"75ecdb5\" data-element_type=\"widget\" data-e-type=\"widget\" data-widget_type=\"tfimagebox.default\">\n\t\t\t\t<div class=\"elementor-widget-container\">\n\t\t\t\t\t<div class=\"tf-imagebox style-3\">\r\n\t\t\t\t<div class=\"image\"><img loading=\"lazy\" decoding=\"async\" width=\"370\" height=\"470\" src=\"https:\/\/transferbagagli.it\/wp-content\/uploads\/2023\/12\/napoli.webp\" class=\"attachment-large size-large wp-image-301\" alt=\"\" srcset=\"https:\/\/transferbagagli.it\/wp-content\/uploads\/2023\/12\/napoli.webp 370w, https:\/\/transferbagagli.it\/wp-content\/uploads\/2023\/12\/napoli-236x300.webp 236w\" sizes=\"(max-width: 370px) 100vw, 370px\" \/> <div class=\"image-overlay fade-in\"><\/div><\/div>\r\n\t\t\t\t<div class=\"content-only \"> <h4 class=\"title\"><a href=\"#\">nach\/von Neapelab \u20ac649*.<\/a><\/h4><\/div>\r\n\t\t\t\t<div class=\"content \"> <h4 class=\"title\"><a href=\"#\">nach\/von Neapelab \u20ac649*.<\/a><\/h4>  <\/div>\r\n\t\t\t<\/div>\t\t\t\t<\/div>\n\t\t\t\t<\/div>\n\t\t\t\t<\/div>\n\t\t<div class=\"elementor-element elementor-element-3cc93ef animated-slow e-con-full e-flex elementor-invisible e-con e-child\" data-id=\"3cc93ef\" data-element_type=\"container\" data-e-type=\"container\" data-settings=\"{&quot;animation&quot;:&quot;zoomIn&quot;}\">\n\t\t\t\t<div class=\"elementor-element elementor-element-9703bbb elementor-widget elementor-widget-tfimagebox\" data-id=\"9703bbb\" data-element_type=\"widget\" data-e-type=\"widget\" data-widget_type=\"tfimagebox.default\">\n\t\t\t\t<div class=\"elementor-widget-container\">\n\t\t\t\t\t<div class=\"tf-imagebox style-3\">\r\n\t\t\t\t<div class=\"image\"><img loading=\"lazy\" decoding=\"async\" width=\"370\" height=\"470\" src=\"https:\/\/transferbagagli.it\/wp-content\/uploads\/2023\/12\/milano.webp\" class=\"attachment-large size-large wp-image-302\" alt=\"\" srcset=\"https:\/\/transferbagagli.it\/wp-content\/uploads\/2023\/12\/milano.webp 370w, https:\/\/transferbagagli.it\/wp-content\/uploads\/2023\/12\/milano-236x300.webp 236w\" sizes=\"(max-width: 370px) 100vw, 370px\" \/> <div class=\"image-overlay fade-in\"><\/div><\/div>\r\n\t\t\t\t<div class=\"content-only \"> <h4 class=\"title\"><a href=\"#\">nach\/von Mailandab \u20ac1199*.<\/a><\/h4><\/div>\r\n\t\t\t\t<div class=\"content \"> <h4 class=\"title\"><a href=\"#\">nach\/von Mailandab \u20ac1199*.<\/a><\/h4>  <\/div>\r\n\t\t\t<\/div>\t\t\t\t<\/div>\n\t\t\t\t<\/div>\n\t\t\t\t<\/div>\n\t\t<div class=\"elementor-element elementor-element-b287003 animated-slow e-con-full e-flex elementor-invisible e-con e-child\" data-id=\"b287003\" data-element_type=\"container\" data-e-type=\"container\" data-settings=\"{&quot;animation&quot;:&quot;zoomIn&quot;}\">\n\t\t\t\t<div class=\"elementor-element elementor-element-8c1e7b5 elementor-widget elementor-widget-tfimagebox\" data-id=\"8c1e7b5\" data-element_type=\"widget\" data-e-type=\"widget\" data-widget_type=\"tfimagebox.default\">\n\t\t\t\t<div class=\"elementor-widget-container\">\n\t\t\t\t\t<div class=\"tf-imagebox style-3\">\r\n\t\t\t\t<div class=\"image\"><img loading=\"lazy\" decoding=\"async\" width=\"370\" height=\"470\" src=\"https:\/\/transferbagagli.it\/wp-content\/uploads\/2023\/12\/image-6.jpg\" class=\"attachment-large size-large wp-image-76\" alt=\"\" srcset=\"https:\/\/transferbagagli.it\/wp-content\/uploads\/2023\/12\/image-6.jpg 370w, https:\/\/transferbagagli.it\/wp-content\/uploads\/2023\/12\/image-6-236x300.jpg 236w\" sizes=\"(max-width: 370px) 100vw, 370px\" \/> <div class=\"image-overlay fade-in\"><\/div><\/div>\r\n\t\t\t\t<div class=\"content-only \"> <h4 class=\"title\"><a href=\"#\">von\/nach Parisab 2999\u20ac*<\/a><\/h4><\/div>\r\n\t\t\t\t<div class=\"content \"> <h4 class=\"title\"><a href=\"#\">von\/nach Parisab 2999\u20ac*<\/a><\/h4>  <\/div>\r\n\t\t\t<\/div>\t\t\t\t<\/div>\n\t\t\t\t<\/div>\n\t\t\t\t<\/div>\n\t\t\t\t<\/div>\n\t\t<div class=\"elementor-element elementor-element-0dcfe3a e-con-full e-flex e-con e-child\" data-id=\"0dcfe3a\" data-element_type=\"container\" data-e-type=\"container\">\n\t\t\t\t<div class=\"elementor-element elementor-element-50baf31 elementor-widget elementor-widget-text-editor\" data-id=\"50baf31\" data-element_type=\"widget\" data-e-type=\"widget\" data-widget_type=\"text-editor.default\">\n\t\t\t\t<div class=\"elementor-widget-container\">\n\t\t\t\t\t\t\t\t\t<p>*Die Preise sind als Richtwerte zu betrachten. Der Basistarif gilt f\u00fcr Lastwagen mit 50 Gep\u00e4ckst\u00fccken, vorbehaltlich einer Best\u00e4tigung bei Abfahrt oder Ankunft in Rom.<br><br><\/p>\t\t\t\t\t\t\t\t<\/div>\n\t\t\t\t<\/div>\n\t\t\t\t<\/div>\n\t\t\t\t<\/div>\n\t\t\t\t\t<\/div>\n\t\t\t\t<\/div>\n\t\t<div class=\"elementor-element elementor-element-8460de0 e-flex e-con-boxed e-con e-parent\" data-id=\"8460de0\" data-element_type=\"container\" data-e-type=\"container\" data-settings=\"{&quot;background_background&quot;:&quot;classic&quot;}\">\n\t\t\t\t\t<div class=\"e-con-inner\">\n\t\t<div class=\"elementor-element elementor-element-8561eaf e-con-full e-flex e-con e-child\" data-id=\"8561eaf\" data-element_type=\"container\" data-e-type=\"container\">\n\t\t\t\t<div class=\"elementor-element elementor-element-0b2a381 elementor-widget__width-initial elementor-widget elementor-widget-heading\" data-id=\"0b2a381\" data-element_type=\"widget\" data-e-type=\"widget\" data-widget_type=\"heading.default\">\n\t\t\t\t<div class=\"elementor-widget-container\">\n\t\t\t\t\t<h2 class=\"elementor-heading-title elementor-size-default\">Angebot anfordern<\/h2>\t\t\t\t<\/div>\n\t\t\t\t<\/div>\n\t\t\t\t<div class=\"elementor-element elementor-element-3cb2bf6 elementor-widget elementor-widget-text-editor\" data-id=\"3cb2bf6\" data-element_type=\"widget\" data-e-type=\"widget\" data-widget_type=\"text-editor.default\">\n\t\t\t\t<div class=\"elementor-widget-container\">\n\t\t\t\t\t\t\t\t\tAlle unsere Fahrzeuge sind versiegelt, um Vertraulichkeit, Effizienz und\nSicherheit zu gew\u00e4hrleisten.\t\t\t\t\t\t\t\t<\/div>\n\t\t\t\t<\/div>\n\t\t\t\t<\/div>\n\t\t<div class=\"elementor-element elementor-element-b70c810 e-con-full e-flex e-con e-child\" data-id=\"b70c810\" data-element_type=\"container\" data-e-type=\"container\">\n\t\t\t\t<div class=\"elementor-element elementor-element-1b53392 elementor-align-right elementor-mobile-align-center elementor-widget elementor-widget-button\" data-id=\"1b53392\" data-element_type=\"widget\" data-e-type=\"widget\" data-widget_type=\"button.default\">\n\t\t\t\t<div class=\"elementor-widget-container\">\n\t\t\t\t\t\t\t\t\t<div class=\"elementor-button-wrapper\">\n\t\t\t\t\t<a class=\"elementor-button elementor-button-link elementor-size-sm\" href=\"https:\/\/transferbagagli.it\/de\/?page_id=1084\">\n\t\t\t\t\t\t<span class=\"elementor-button-content-wrapper\">\n\t\t\t\t\t\t\t\t\t<span class=\"elementor-button-text\">Kontaktieren Sie uns<\/span>\n\t\t\t\t\t<\/span>\n\t\t\t\t\t<\/a>\n\t\t\t\t<\/div>\n\t\t\t\t\t\t\t\t<\/div>\n\t\t\t\t<\/div>\n\t\t\t\t<\/div>\n\t\t\t\t\t<\/div>\n\t\t\t\t<\/div>\n\t\t\t\t<\/div>\n\t\t","protected":false},"excerpt":{"rendered":"<p>Startseite Gep\u00e4cktransfer-Service: Routen von\/nach Fiumicino und Ciampinoab \u20ac399*. von\/nach Fiumicino und Ciampinoab \u20ac399*. nach\/von Florenzab \u20ac699*. nach\/von Florenzab \u20ac699*. von \/ nach Civitavecchiaab 449\u20ac* von \/ nach Civitavecchiaab 449\u20ac* nach\/von Neapelab \u20ac649*. nach\/von Neapelab \u20ac649*. nach\/von Mailandab \u20ac1199*. nach\/von Mailandab \u20ac1199*. von\/nach Parisab 2999\u20ac* von\/nach Parisab 2999\u20ac* *Die Preise sind als Richtwerte zu betrachten. Der [&hellip;]<\/p>\n","protected":false},"author":1,"featured_media":0,"parent":0,"menu_order":0,"comment_status":"closed","ping_status":"closed","template":"","meta":{"footnotes":""},"class_list":["post-840","page","type-page","status-publish","hentry"],"_links":{"self":[{"href":"https:\/\/transferbagagli.it\/de\/wp-json\/wp\/v2\/pages\/840","targetHints":{"allow":["GET"]}}],"collection":[{"href":"https:\/\/transferbagagli.it\/de\/wp-json\/wp\/v2\/pages"}],"about":[{"href":"https:\/\/transferbagagli.it\/de\/wp-json\/wp\/v2\/types\/page"}],"author":[{"embeddable":true,"href":"https:\/\/transferbagagli.it\/de\/wp-json\/wp\/v2\/users\/1"}],"replies":[{"embeddable":true,"href":"https:\/\/transferbagagli.it\/de\/wp-json\/wp\/v2\/comments?post=840"}],"version-history":[{"count":4,"href":"https:\/\/transferbagagli.it\/de\/wp-json\/wp\/v2\/pages\/840\/revisions"}],"predecessor-version":[{"id":1092,"href":"https:\/\/transferbagagli.it\/de\/wp-json\/wp\/v2\/pages\/840\/revisions\/1092"}],"wp:attachment":[{"href":"https:\/\/transferbagagli.it\/de\/wp-json\/wp\/v2\/media?parent=840"}],"curies":[{"name":"wp","href":"https:\/\/api.w.org\/{rel}","templated":true}]}}