{"id":1128,"date":"2023-12-22T10:49:56","date_gmt":"2023-12-22T09:49:56","guid":{"rendered":"https:\/\/transferbagagli.it\/quienes-somos\/"},"modified":"2026-03-13T15:36:26","modified_gmt":"2026-03-13T14:36:26","slug":"quienes-somos","status":"publish","type":"page","link":"https:\/\/transferbagagli.it\/es\/quienes-somos\/","title":{"rendered":"Qui\u00e9nes somos"},"content":{"rendered":"\t\t<div data-elementor-type=\"wp-page\" data-elementor-id=\"1128\" class=\"elementor elementor-1128 elementor-183\" data-elementor-post-type=\"page\">\n\t\t\t\t<div class=\"elementor-element elementor-element-1e0413ac e-flex e-con-boxed e-con e-parent\" data-id=\"1e0413ac\" data-element_type=\"container\" data-e-type=\"container\" data-settings=\"{&quot;background_background&quot;:&quot;classic&quot;}\">\n\t\t\t\t\t<div class=\"e-con-inner\">\n\t\t<div class=\"elementor-element elementor-element-155545 e-con-full e-flex e-con e-child\" data-id=\"155545\" data-element_type=\"container\" data-e-type=\"container\">\n\t\t<div class=\"elementor-element elementor-element-49813f9c e-flex e-con-boxed e-con e-child\" data-id=\"49813f9c\" data-element_type=\"container\" data-e-type=\"container\">\n\t\t\t\t\t<div class=\"e-con-inner\">\n\t\t\t\t<div class=\"elementor-element elementor-element-c3f1c46 elementor-icon-list--layout-inline elementor-align-center elementor-widget__width-auto elementor-list-item-link-full_width elementor-widget elementor-widget-icon-list\" data-id=\"c3f1c46\" data-element_type=\"widget\" data-e-type=\"widget\" data-widget_type=\"icon-list.default\">\n\t\t\t\t<div class=\"elementor-widget-container\">\n\t\t\t\t\t\t\t<ul class=\"elementor-icon-list-items elementor-inline-items\">\n\t\t\t\t\t\t\t<li class=\"elementor-icon-list-item elementor-inline-item\">\n\t\t\t\t\t\t\t\t\t\t\t<a href=\"#\">\n\n\t\t\t\t\t\t\t\t\t\t\t<span class=\"elementor-icon-list-text\">Inicio<\/span>\n\t\t\t\t\t\t\t\t\t\t\t<\/a>\n\t\t\t\t\t\t\t\t\t<\/li>\n\t\t\t\t\t\t\t\t<li class=\"elementor-icon-list-item elementor-inline-item\">\n\t\t\t\t\t\t\t\t\t\t<span class=\"elementor-icon-list-text\"><\/span>\n\t\t\t\t\t\t\t\t\t<\/li>\n\t\t\t\t\t\t<\/ul>\n\t\t\t\t\t\t<\/div>\n\t\t\t\t<\/div>\n\t\t\t\t\t<\/div>\n\t\t\t\t<\/div>\n\t\t\t\t<\/div>\n\t\t\t\t\t<\/div>\n\t\t\t\t<\/div>\n\t\t<div class=\"elementor-element elementor-element-6a1cf58a e-flex e-con-boxed e-con e-parent\" data-id=\"6a1cf58a\" data-element_type=\"container\" data-e-type=\"container\">\n\t\t\t\t\t<div class=\"e-con-inner\">\n\t\t<div class=\"elementor-element elementor-element-67c0e27 e-con-full e-flex e-con e-child\" data-id=\"67c0e27\" data-element_type=\"container\" data-e-type=\"container\">\n\t\t\t\t<div class=\"elementor-element elementor-element-6fb17c1 elementor-widget elementor-widget-heading\" data-id=\"6fb17c1\" data-element_type=\"widget\" data-e-type=\"widget\" data-widget_type=\"heading.default\">\n\t\t\t\t<div class=\"elementor-widget-container\">\n\t\t\t\t\t<h3 class=\"elementor-heading-title elementor-size-default\">Servicio de transporte de equipajes desde y hacia Roma<\/h3>\t\t\t\t<\/div>\n\t\t\t\t<\/div>\n\t\t\t\t<div class=\"elementor-element elementor-element-6dbe14f elementor-widget elementor-widget-heading\" data-id=\"6dbe14f\" data-element_type=\"widget\" data-e-type=\"widget\" data-widget_type=\"heading.default\">\n\t\t\t\t<div class=\"elementor-widget-container\">\n\t\t\t\t\t<p class=\"elementor-heading-title elementor-size-default\">Un grupo de personas din\u00e1micas, experimentadas y apasionadas que llevan 15 a\u00f1os trabajando en el sector tur\u00edstico.<\/p>\t\t\t\t<\/div>\n\t\t\t\t<\/div>\n\t\t\t\t<div class=\"elementor-element elementor-element-7ca4ec20 elementor-widget elementor-widget-heading\" data-id=\"7ca4ec20\" data-element_type=\"widget\" data-e-type=\"widget\" data-widget_type=\"heading.default\">\n\t\t\t\t<div class=\"elementor-widget-container\">\n\t\t\t\t\t<p class=\"elementor-heading-title elementor-size-default\">\"Con cuidado y precisi\u00f3n, transportamos tu equipaje, creando historias de viajes sin preocupaciones\".<\/p>\t\t\t\t<\/div>\n\t\t\t\t<\/div>\n\t\t\t\t<\/div>\n\t\t<div class=\"elementor-element elementor-element-b84c061 e-con-full e-flex e-con e-child\" data-id=\"b84c061\" data-element_type=\"container\" data-e-type=\"container\">\n\t\t<div class=\"elementor-element elementor-element-1d746f02 e-con-full e-flex e-con e-child\" data-id=\"1d746f02\" data-element_type=\"container\" data-e-type=\"container\">\n\t\t\t\t<div class=\"elementor-element elementor-element-5b1f1422 elementor-widget__width-auto elementor-widget elementor-widget-image\" data-id=\"5b1f1422\" data-element_type=\"widget\" data-e-type=\"widget\" data-widget_type=\"image.default\">\n\t\t\t\t<div class=\"elementor-widget-container\">\n\t\t\t\t\t\t\t\t\t\t\t\t\t\t\t<img fetchpriority=\"high\" decoding=\"async\" width=\"540\" height=\"446\" src=\"https:\/\/transferbagagli.it\/wp-content\/uploads\/2023\/12\/chiSiamo-side.webp\" class=\"attachment-large size-large wp-image-1131\" alt=\"\" srcset=\"https:\/\/transferbagagli.it\/wp-content\/uploads\/2023\/12\/chiSiamo-side.webp 540w, https:\/\/transferbagagli.it\/wp-content\/uploads\/2023\/12\/chiSiamo-side-300x248.webp 300w\" sizes=\"(max-width: 540px) 100vw, 540px\" \/>\t\t\t\t\t\t\t\t\t\t\t\t\t\t\t<\/div>\n\t\t\t\t<\/div>\n\t\t\t\t<\/div>\n\t\t<div class=\"elementor-element elementor-element-17609268 e-con-full e-flex e-con e-child\" data-id=\"17609268\" data-element_type=\"container\" data-e-type=\"container\">\n\t\t\t\t<div class=\"elementor-element elementor-element-5b9e3306 elementor-widget elementor-widget-text-editor\" data-id=\"5b9e3306\" data-element_type=\"widget\" data-e-type=\"widget\" data-widget_type=\"text-editor.default\">\n\t\t\t\t<div class=\"elementor-widget-container\">\n\t\t\t\t\t\t\t\t\t<p><a href=\"https:\/\/transferbagagli.it\/es\/\">Capital Truck<\/a> fue fundada en 2009 por un grupo de personas con muchos a\u00f1os de experiencia en log\u00edstica integrada de terceros, transporte, porteo, almacenamiento y dep\u00f3sito.<\/p><p>Nuestra fuerza:<\/p><p>&#8211; Comprender las necesidades del cliente y dise\u00f1ar un sistema log\u00edstico a medida;<\/p><p>&#8211; Ofreciendo un servicio integral para satisfacer cualquier petici\u00f3n;<\/p><p>&#8211; Recoger, transportar y entregar mercanc\u00edas con puntualidad, fiabilidad, disponibilidad y control.<\/p><p>Tras una larga experiencia en el mundo del transporte de mercanc\u00edas por cuenta ajena, nuestras habilidades y caracter\u00edsticas se han combinado con el sector tur\u00edstico, y garantizando siempre las instalaciones y los medios adecuados, \u00a1a lo largo de los a\u00f1os nos hemos adentrado en un mundo de emociones y retos!<\/p><p>Todo ello ha formado un equipo din\u00e1mico, experimentado y apasionado de personas que transportan con cuidado y precisi\u00f3n tu equipaje, creando historias de viajes cada d\u00eda.<\/p>\t\t\t\t\t\t\t\t<\/div>\n\t\t\t\t<\/div>\n\t\t\t\t<\/div>\n\t\t\t\t<\/div>\n\t\t\t\t\t<\/div>\n\t\t\t\t<\/div>\n\t\t<div class=\"elementor-element elementor-element-4e7f1df7 e-flex e-con-boxed e-con e-parent\" data-id=\"4e7f1df7\" data-element_type=\"container\" data-e-type=\"container\" data-settings=\"{&quot;background_background&quot;:&quot;classic&quot;}\">\n\t\t\t\t\t<div class=\"e-con-inner\">\n\t\t<div class=\"elementor-element elementor-element-58c63ce e-con-full e-flex e-con e-child\" data-id=\"58c63ce\" data-element_type=\"container\" data-e-type=\"container\">\n\t\t<div class=\"elementor-element elementor-element-25b838a9 e-con-full e-flex e-con e-child\" data-id=\"25b838a9\" data-element_type=\"container\" data-e-type=\"container\">\n\t\t<div class=\"elementor-element elementor-element-2c14a173 e-con-full e-flex e-con e-child\" data-id=\"2c14a173\" data-element_type=\"container\" data-e-type=\"container\">\n\t\t\t\t<div class=\"elementor-element elementor-element-65c7e1bf elementor-widget elementor-widget-counter\" data-id=\"65c7e1bf\" data-element_type=\"widget\" data-e-type=\"widget\" data-widget_type=\"counter.default\">\n\t\t\t\t<div class=\"elementor-widget-container\">\n\t\t\t\t\t\t\t<div class=\"elementor-counter\">\n\t\t\t\t\t\t<div class=\"elementor-counter-number-wrapper\">\n\t\t\t\t<span class=\"elementor-counter-number-prefix\"><\/span>\n\t\t\t\t<span class=\"elementor-counter-number\" data-duration=\"2000\" data-to-value=\"1400000\" data-from-value=\"0\" data-delimiter=\",\">0<\/span>\n\t\t\t\t<span class=\"elementor-counter-number-suffix\">  km<\/span>\n\t\t\t<\/div>\n\t\t<\/div>\n\t\t\t\t\t\t<\/div>\n\t\t\t\t<\/div>\n\t\t\t\t<div class=\"elementor-element elementor-element-429edea elementor-widget elementor-widget-heading\" data-id=\"429edea\" data-element_type=\"widget\" data-e-type=\"widget\" data-widget_type=\"heading.default\">\n\t\t\t\t<div class=\"elementor-widget-container\">\n\t\t\t\t\t<p class=\"elementor-heading-title elementor-size-default\">rutas a tu servicio<\/p>\t\t\t\t<\/div>\n\t\t\t\t<\/div>\n\t\t\t\t<\/div>\n\t\t<div class=\"elementor-element elementor-element-3bb7abf4 e-con-full e-flex e-con e-child\" data-id=\"3bb7abf4\" data-element_type=\"container\" data-e-type=\"container\">\n\t\t\t\t<div class=\"elementor-element elementor-element-8fadcb2 elementor-widget elementor-widget-counter\" data-id=\"8fadcb2\" data-element_type=\"widget\" data-e-type=\"widget\" data-widget_type=\"counter.default\">\n\t\t\t\t<div class=\"elementor-widget-container\">\n\t\t\t\t\t\t\t<div class=\"elementor-counter\">\n\t\t\t\t\t\t<div class=\"elementor-counter-number-wrapper\">\n\t\t\t\t<span class=\"elementor-counter-number-prefix\"><\/span>\n\t\t\t\t<span class=\"elementor-counter-number\" data-duration=\"2000\" data-to-value=\"210000\" data-from-value=\"0\" data-delimiter=\",\">0<\/span>\n\t\t\t\t<span class=\"elementor-counter-number-suffix\"><\/span>\n\t\t\t<\/div>\n\t\t<\/div>\n\t\t\t\t\t\t<\/div>\n\t\t\t\t<\/div>\n\t\t\t\t<div class=\"elementor-element elementor-element-788c13a9 elementor-widget elementor-widget-heading\" data-id=\"788c13a9\" data-element_type=\"widget\" data-e-type=\"widget\" data-widget_type=\"heading.default\">\n\t\t\t\t<div class=\"elementor-widget-container\">\n\t\t\t\t\t<p class=\"elementor-heading-title elementor-size-default\">maletas transportadas<\/p>\t\t\t\t<\/div>\n\t\t\t\t<\/div>\n\t\t\t\t<\/div>\n\t\t<div class=\"elementor-element elementor-element-7cd589d3 e-con-full e-flex e-con e-child\" data-id=\"7cd589d3\" data-element_type=\"container\" data-e-type=\"container\">\n\t\t\t\t<div class=\"elementor-element elementor-element-38f1d0a0 elementor-widget elementor-widget-counter\" data-id=\"38f1d0a0\" data-element_type=\"widget\" data-e-type=\"widget\" data-widget_type=\"counter.default\">\n\t\t\t\t<div class=\"elementor-widget-container\">\n\t\t\t\t\t\t\t<div class=\"elementor-counter\">\n\t\t\t\t\t\t<div class=\"elementor-counter-number-wrapper\">\n\t\t\t\t<span class=\"elementor-counter-number-prefix\"><\/span>\n\t\t\t\t<span class=\"elementor-counter-number\" data-duration=\"2000\" data-to-value=\"100\" data-from-value=\"0\">0<\/span>\n\t\t\t\t<span class=\"elementor-counter-number-suffix\">+<\/span>\n\t\t\t<\/div>\n\t\t<\/div>\n\t\t\t\t\t\t<\/div>\n\t\t\t\t<\/div>\n\t\t\t\t<div class=\"elementor-element elementor-element-706901f7 elementor-widget elementor-widget-heading\" data-id=\"706901f7\" data-element_type=\"widget\" data-e-type=\"widget\" data-widget_type=\"heading.default\">\n\t\t\t\t<div class=\"elementor-widget-container\">\n\t\t\t\t\t<p class=\"elementor-heading-title elementor-size-default\">los socios colaboran con nosotros<\/p>\t\t\t\t<\/div>\n\t\t\t\t<\/div>\n\t\t\t\t<\/div>\n\t\t\t\t<\/div>\n\t\t\t\t<\/div>\n\t\t\t\t\t<\/div>\n\t\t\t\t<\/div>\n\t\t\t\t<\/div>\n\t\t","protected":false},"excerpt":{"rendered":"<p>Inicio Servicio de transporte de equipajes desde y hacia Roma Un grupo de personas din\u00e1micas, experimentadas y apasionadas que llevan 15 a\u00f1os trabajando en el sector tur\u00edstico. \u00abCon cuidado y precisi\u00f3n, transportamos tu equipaje, creando historias de viajes sin preocupaciones\u00bb. Capital Truck fue fundada en 2009 por un grupo de personas con muchos a\u00f1os de [&hellip;]<\/p>\n","protected":false},"author":1,"featured_media":0,"parent":0,"menu_order":0,"comment_status":"closed","ping_status":"closed","template":"","meta":{"footnotes":""},"class_list":["post-1128","page","type-page","status-publish","hentry"],"_links":{"self":[{"href":"https:\/\/transferbagagli.it\/es\/wp-json\/wp\/v2\/pages\/1128","targetHints":{"allow":["GET"]}}],"collection":[{"href":"https:\/\/transferbagagli.it\/es\/wp-json\/wp\/v2\/pages"}],"about":[{"href":"https:\/\/transferbagagli.it\/es\/wp-json\/wp\/v2\/types\/page"}],"author":[{"embeddable":true,"href":"https:\/\/transferbagagli.it\/es\/wp-json\/wp\/v2\/users\/1"}],"replies":[{"embeddable":true,"href":"https:\/\/transferbagagli.it\/es\/wp-json\/wp\/v2\/comments?post=1128"}],"version-history":[{"count":2,"href":"https:\/\/transferbagagli.it\/es\/wp-json\/wp\/v2\/pages\/1128\/revisions"}],"predecessor-version":[{"id":1135,"href":"https:\/\/transferbagagli.it\/es\/wp-json\/wp\/v2\/pages\/1128\/revisions\/1135"}],"wp:attachment":[{"href":"https:\/\/transferbagagli.it\/es\/wp-json\/wp\/v2\/media?parent=1128"}],"curies":[{"name":"wp","href":"https:\/\/api.w.org\/{rel}","templated":true}]}}