{"id":1102,"date":"2023-12-22T10:49:56","date_gmt":"2023-12-22T09:49:56","guid":{"rendered":"https:\/\/transferbagagli.it\/a-propos-de-nous\/"},"modified":"2026-03-13T14:16:07","modified_gmt":"2026-03-13T13:16:07","slug":"a-propos-de-nous","status":"publish","type":"page","link":"https:\/\/transferbagagli.it\/fr\/a-propos-de-nous\/","title":{"rendered":"A propos de nous"},"content":{"rendered":"\t\t<div data-elementor-type=\"wp-page\" data-elementor-id=\"1102\" class=\"elementor elementor-1102 elementor-183\" data-elementor-post-type=\"page\">\n\t\t\t\t<div class=\"elementor-element elementor-element-1e0413ac e-flex e-con-boxed e-con e-parent\" data-id=\"1e0413ac\" data-element_type=\"container\" data-e-type=\"container\" data-settings=\"{&quot;background_background&quot;:&quot;classic&quot;}\">\n\t\t\t\t\t<div class=\"e-con-inner\">\n\t\t<div class=\"elementor-element elementor-element-155545 e-con-full e-flex e-con e-child\" data-id=\"155545\" data-element_type=\"container\" data-e-type=\"container\">\n\t\t<div class=\"elementor-element elementor-element-49813f9c e-flex e-con-boxed e-con e-child\" data-id=\"49813f9c\" data-element_type=\"container\" data-e-type=\"container\">\n\t\t\t\t\t<div class=\"e-con-inner\">\n\t\t\t\t<div class=\"elementor-element elementor-element-c3f1c46 elementor-icon-list--layout-inline elementor-align-center elementor-widget__width-auto elementor-list-item-link-full_width elementor-widget elementor-widget-icon-list\" data-id=\"c3f1c46\" data-element_type=\"widget\" data-e-type=\"widget\" data-widget_type=\"icon-list.default\">\n\t\t\t\t<div class=\"elementor-widget-container\">\n\t\t\t\t\t\t\t<ul class=\"elementor-icon-list-items elementor-inline-items\">\n\t\t\t\t\t\t\t<li class=\"elementor-icon-list-item elementor-inline-item\">\n\t\t\t\t\t\t\t\t\t\t\t<a href=\"#\">\n\n\t\t\t\t\t\t\t\t\t\t\t<span class=\"elementor-icon-list-text\">Accueil<\/span>\n\t\t\t\t\t\t\t\t\t\t\t<\/a>\n\t\t\t\t\t\t\t\t\t<\/li>\n\t\t\t\t\t\t\t\t<li class=\"elementor-icon-list-item elementor-inline-item\">\n\t\t\t\t\t\t\t\t\t\t<span class=\"elementor-icon-list-text\"><\/span>\n\t\t\t\t\t\t\t\t\t<\/li>\n\t\t\t\t\t\t<\/ul>\n\t\t\t\t\t\t<\/div>\n\t\t\t\t<\/div>\n\t\t\t\t\t<\/div>\n\t\t\t\t<\/div>\n\t\t\t\t<\/div>\n\t\t\t\t\t<\/div>\n\t\t\t\t<\/div>\n\t\t<div class=\"elementor-element elementor-element-6a1cf58a e-flex e-con-boxed e-con e-parent\" data-id=\"6a1cf58a\" data-element_type=\"container\" data-e-type=\"container\">\n\t\t\t\t\t<div class=\"e-con-inner\">\n\t\t<div class=\"elementor-element elementor-element-67c0e27 e-con-full e-flex e-con e-child\" data-id=\"67c0e27\" data-element_type=\"container\" data-e-type=\"container\">\n\t\t\t\t<div class=\"elementor-element elementor-element-6fb17c1 elementor-widget elementor-widget-heading\" data-id=\"6fb17c1\" data-element_type=\"widget\" data-e-type=\"widget\" data-widget_type=\"heading.default\">\n\t\t\t\t<div class=\"elementor-widget-container\">\n\t\t\t\t\t<h3 class=\"elementor-heading-title elementor-size-default\">Service de transport de bagages \u00e0 destination et en provenance de Rome<\/h3>\t\t\t\t<\/div>\n\t\t\t\t<\/div>\n\t\t\t\t<div class=\"elementor-element elementor-element-6dbe14f elementor-widget elementor-widget-heading\" data-id=\"6dbe14f\" data-element_type=\"widget\" data-e-type=\"widget\" data-widget_type=\"heading.default\">\n\t\t\t\t<div class=\"elementor-widget-container\">\n\t\t\t\t\t<p class=\"elementor-heading-title elementor-size-default\">Un groupe de personnes dynamiques, exp\u00e9riment\u00e9es et passionn\u00e9es qui travaillent dans le secteur du tourisme depuis 15 ans.<\/p>\t\t\t\t<\/div>\n\t\t\t\t<\/div>\n\t\t\t\t<div class=\"elementor-element elementor-element-7ca4ec20 elementor-widget elementor-widget-heading\" data-id=\"7ca4ec20\" data-element_type=\"widget\" data-e-type=\"widget\" data-widget_type=\"heading.default\">\n\t\t\t\t<div class=\"elementor-widget-container\">\n\t\t\t\t\t<p class=\"elementor-heading-title elementor-size-default\">\"Avec soin et pr\u00e9cision, nous transportons vos bagages, cr\u00e9ant ainsi des r\u00e9cits de voyage sans souci\".<\/p>\t\t\t\t<\/div>\n\t\t\t\t<\/div>\n\t\t\t\t<\/div>\n\t\t<div class=\"elementor-element elementor-element-b84c061 e-con-full e-flex e-con e-child\" data-id=\"b84c061\" data-element_type=\"container\" data-e-type=\"container\">\n\t\t<div class=\"elementor-element elementor-element-1d746f02 e-con-full e-flex e-con e-child\" data-id=\"1d746f02\" data-element_type=\"container\" data-e-type=\"container\">\n\t\t\t\t<div class=\"elementor-element elementor-element-5b1f1422 elementor-widget__width-auto elementor-widget elementor-widget-image\" data-id=\"5b1f1422\" data-element_type=\"widget\" data-e-type=\"widget\" data-widget_type=\"image.default\">\n\t\t\t\t<div class=\"elementor-widget-container\">\n\t\t\t\t\t\t\t\t\t\t\t\t\t\t\t<img fetchpriority=\"high\" decoding=\"async\" width=\"540\" height=\"446\" src=\"https:\/\/transferbagagli.it\/wp-content\/uploads\/2023\/12\/chiSiamo-side.webp\" class=\"attachment-large size-large wp-image-1104\" alt=\"\" srcset=\"https:\/\/transferbagagli.it\/wp-content\/uploads\/2023\/12\/chiSiamo-side.webp 540w, https:\/\/transferbagagli.it\/wp-content\/uploads\/2023\/12\/chiSiamo-side-300x248.webp 300w\" sizes=\"(max-width: 540px) 100vw, 540px\" \/>\t\t\t\t\t\t\t\t\t\t\t\t\t\t\t<\/div>\n\t\t\t\t<\/div>\n\t\t\t\t<\/div>\n\t\t<div class=\"elementor-element elementor-element-17609268 e-con-full e-flex e-con e-child\" data-id=\"17609268\" data-element_type=\"container\" data-e-type=\"container\">\n\t\t\t\t<div class=\"elementor-element elementor-element-5b9e3306 elementor-widget elementor-widget-text-editor\" data-id=\"5b9e3306\" data-element_type=\"widget\" data-e-type=\"widget\" data-widget_type=\"text-editor.default\">\n\t\t\t\t<div class=\"elementor-widget-container\">\n\t\t\t\t\t\t\t\t\t<p><a href=\"https:\/\/transferbagagli.it\/fr\/\">Capital Truck<\/a> a \u00e9t\u00e9 fond\u00e9 en 2009 par un groupe de personnes ayant de nombreuses ann\u00e9es d&rsquo;exp\u00e9rience dans le domaine de la logistique int\u00e9gr\u00e9e pour le compte de tiers, du transport, du portage, de l&rsquo;entreposage et du stockage.<\/p><p>Notre force :<\/p><p>&#8211; Comprendre les besoins du client et concevoir un syst\u00e8me logistique sur mesure ;<\/p><p>&#8211; Offrir un service complet pour satisfaire toutes les demandes ;<\/p><p>&#8211; Enl\u00e8vement, transport et livraison des marchandises avec ponctualit\u00e9, fiabilit\u00e9, disponibilit\u00e9 et contr\u00f4le.<\/p><p>Apr\u00e8s une longue exp\u00e9rience dans le monde du transport de marchandises pour le compte de tiers, nos comp\u00e9tences et nos caract\u00e9ristiques ont \u00e9t\u00e9 associ\u00e9es au secteur du tourisme, et en garantissant toujours des installations et des moyens ad\u00e9quats, nous sommes entr\u00e9s au fil des ans dans un monde d&rsquo;excitation et de d\u00e9fis !<\/p><p>Tout cela a permis de former une \u00e9quipe dynamique, exp\u00e9riment\u00e9e et passionn\u00e9e, qui transporte vos bagages avec soin et pr\u00e9cision, cr\u00e9ant chaque jour des histoires de voyage.<\/p>\t\t\t\t\t\t\t\t<\/div>\n\t\t\t\t<\/div>\n\t\t\t\t<\/div>\n\t\t\t\t<\/div>\n\t\t\t\t\t<\/div>\n\t\t\t\t<\/div>\n\t\t<div class=\"elementor-element elementor-element-4e7f1df7 e-flex e-con-boxed e-con e-parent\" data-id=\"4e7f1df7\" data-element_type=\"container\" data-e-type=\"container\" data-settings=\"{&quot;background_background&quot;:&quot;classic&quot;}\">\n\t\t\t\t\t<div class=\"e-con-inner\">\n\t\t<div class=\"elementor-element elementor-element-58c63ce e-con-full e-flex e-con e-child\" data-id=\"58c63ce\" data-element_type=\"container\" data-e-type=\"container\">\n\t\t<div class=\"elementor-element elementor-element-25b838a9 e-con-full e-flex e-con e-child\" data-id=\"25b838a9\" data-element_type=\"container\" data-e-type=\"container\">\n\t\t<div class=\"elementor-element elementor-element-2c14a173 e-con-full e-flex e-con e-child\" data-id=\"2c14a173\" data-element_type=\"container\" data-e-type=\"container\">\n\t\t\t\t<div class=\"elementor-element elementor-element-65c7e1bf elementor-widget elementor-widget-counter\" data-id=\"65c7e1bf\" data-element_type=\"widget\" data-e-type=\"widget\" data-widget_type=\"counter.default\">\n\t\t\t\t<div class=\"elementor-widget-container\">\n\t\t\t\t\t\t\t<div class=\"elementor-counter\">\n\t\t\t\t\t\t<div class=\"elementor-counter-number-wrapper\">\n\t\t\t\t<span class=\"elementor-counter-number-prefix\"><\/span>\n\t\t\t\t<span class=\"elementor-counter-number\" data-duration=\"2000\" data-to-value=\"1400000\" data-from-value=\"0\" data-delimiter=\",\">0<\/span>\n\t\t\t\t<span class=\"elementor-counter-number-suffix\">  km<\/span>\n\t\t\t<\/div>\n\t\t<\/div>\n\t\t\t\t\t\t<\/div>\n\t\t\t\t<\/div>\n\t\t\t\t<div class=\"elementor-element elementor-element-429edea elementor-widget elementor-widget-heading\" data-id=\"429edea\" data-element_type=\"widget\" data-e-type=\"widget\" data-widget_type=\"heading.default\">\n\t\t\t\t<div class=\"elementor-widget-container\">\n\t\t\t\t\t<p class=\"elementor-heading-title elementor-size-default\">des itin\u00e9raires \u00e0 votre service<\/p>\t\t\t\t<\/div>\n\t\t\t\t<\/div>\n\t\t\t\t<\/div>\n\t\t<div class=\"elementor-element elementor-element-3bb7abf4 e-con-full e-flex e-con e-child\" data-id=\"3bb7abf4\" data-element_type=\"container\" data-e-type=\"container\">\n\t\t\t\t<div class=\"elementor-element elementor-element-8fadcb2 elementor-widget elementor-widget-counter\" data-id=\"8fadcb2\" data-element_type=\"widget\" data-e-type=\"widget\" data-widget_type=\"counter.default\">\n\t\t\t\t<div class=\"elementor-widget-container\">\n\t\t\t\t\t\t\t<div class=\"elementor-counter\">\n\t\t\t\t\t\t<div class=\"elementor-counter-number-wrapper\">\n\t\t\t\t<span class=\"elementor-counter-number-prefix\"><\/span>\n\t\t\t\t<span class=\"elementor-counter-number\" data-duration=\"2000\" data-to-value=\"210000\" data-from-value=\"0\" data-delimiter=\",\">0<\/span>\n\t\t\t\t<span class=\"elementor-counter-number-suffix\"><\/span>\n\t\t\t<\/div>\n\t\t<\/div>\n\t\t\t\t\t\t<\/div>\n\t\t\t\t<\/div>\n\t\t\t\t<div class=\"elementor-element elementor-element-788c13a9 elementor-widget elementor-widget-heading\" data-id=\"788c13a9\" data-element_type=\"widget\" data-e-type=\"widget\" data-widget_type=\"heading.default\">\n\t\t\t\t<div class=\"elementor-widget-container\">\n\t\t\t\t\t<p class=\"elementor-heading-title elementor-size-default\">valises transport\u00e9es<\/p>\t\t\t\t<\/div>\n\t\t\t\t<\/div>\n\t\t\t\t<\/div>\n\t\t<div class=\"elementor-element elementor-element-7cd589d3 e-con-full e-flex e-con e-child\" data-id=\"7cd589d3\" data-element_type=\"container\" data-e-type=\"container\">\n\t\t\t\t<div class=\"elementor-element elementor-element-38f1d0a0 elementor-widget elementor-widget-counter\" data-id=\"38f1d0a0\" data-element_type=\"widget\" data-e-type=\"widget\" data-widget_type=\"counter.default\">\n\t\t\t\t<div class=\"elementor-widget-container\">\n\t\t\t\t\t\t\t<div class=\"elementor-counter\">\n\t\t\t\t\t\t<div class=\"elementor-counter-number-wrapper\">\n\t\t\t\t<span class=\"elementor-counter-number-prefix\"><\/span>\n\t\t\t\t<span class=\"elementor-counter-number\" data-duration=\"2000\" data-to-value=\"100\" data-from-value=\"0\">0<\/span>\n\t\t\t\t<span class=\"elementor-counter-number-suffix\">+<\/span>\n\t\t\t<\/div>\n\t\t<\/div>\n\t\t\t\t\t\t<\/div>\n\t\t\t\t<\/div>\n\t\t\t\t<div class=\"elementor-element elementor-element-706901f7 elementor-widget elementor-widget-heading\" data-id=\"706901f7\" data-element_type=\"widget\" data-e-type=\"widget\" data-widget_type=\"heading.default\">\n\t\t\t\t<div class=\"elementor-widget-container\">\n\t\t\t\t\t<p class=\"elementor-heading-title elementor-size-default\">les partenaires collaborent avec nous<\/p>\t\t\t\t<\/div>\n\t\t\t\t<\/div>\n\t\t\t\t<\/div>\n\t\t\t\t<\/div>\n\t\t\t\t<\/div>\n\t\t\t\t\t<\/div>\n\t\t\t\t<\/div>\n\t\t\t\t<\/div>\n\t\t","protected":false},"excerpt":{"rendered":"<p>Accueil Service de transport de bagages \u00e0 destination et en provenance de Rome Un groupe de personnes dynamiques, exp\u00e9riment\u00e9es et passionn\u00e9es qui travaillent dans le secteur du tourisme depuis 15 ans. \u00ab\u00a0Avec soin et pr\u00e9cision, nous transportons vos bagages, cr\u00e9ant ainsi des r\u00e9cits de voyage sans souci\u00a0\u00bb. Capital Truck a \u00e9t\u00e9 fond\u00e9 en 2009 par [&hellip;]<\/p>\n","protected":false},"author":1,"featured_media":0,"parent":0,"menu_order":0,"comment_status":"closed","ping_status":"closed","template":"","meta":{"footnotes":""},"class_list":["post-1102","page","type-page","status-publish","hentry"],"_links":{"self":[{"href":"https:\/\/transferbagagli.it\/fr\/wp-json\/wp\/v2\/pages\/1102","targetHints":{"allow":["GET"]}}],"collection":[{"href":"https:\/\/transferbagagli.it\/fr\/wp-json\/wp\/v2\/pages"}],"about":[{"href":"https:\/\/transferbagagli.it\/fr\/wp-json\/wp\/v2\/types\/page"}],"author":[{"embeddable":true,"href":"https:\/\/transferbagagli.it\/fr\/wp-json\/wp\/v2\/users\/1"}],"replies":[{"embeddable":true,"href":"https:\/\/transferbagagli.it\/fr\/wp-json\/wp\/v2\/comments?post=1102"}],"version-history":[{"count":2,"href":"https:\/\/transferbagagli.it\/fr\/wp-json\/wp\/v2\/pages\/1102\/revisions"}],"predecessor-version":[{"id":1107,"href":"https:\/\/transferbagagli.it\/fr\/wp-json\/wp\/v2\/pages\/1102\/revisions\/1107"}],"wp:attachment":[{"href":"https:\/\/transferbagagli.it\/fr\/wp-json\/wp\/v2\/media?parent=1102"}],"curies":[{"name":"wp","href":"https:\/\/api.w.org\/{rel}","templated":true}]}}