{"id":1054,"date":"2023-12-22T16:18:49","date_gmt":"2023-12-22T15:18:49","guid":{"rendered":"https:\/\/transferbagagli.it\/transferencia-de-bagagem\/"},"modified":"2026-03-13T14:15:57","modified_gmt":"2026-03-13T13:15:57","slug":"transferencia-de-bagagem","status":"publish","type":"page","link":"https:\/\/transferbagagli.it\/pt-br\/transferencia-de-bagagem\/","title":{"rendered":"Transfer\u00eancia de bagagem"},"content":{"rendered":"\t\t<div data-elementor-type=\"wp-page\" data-elementor-id=\"1054\" class=\"elementor elementor-1054 elementor-238\" data-elementor-post-type=\"page\">\n\t\t\t\t<div class=\"elementor-element elementor-element-c020022 e-flex e-con-boxed e-con e-parent\" data-id=\"c020022\" data-element_type=\"container\" data-e-type=\"container\" data-settings=\"{&quot;background_background&quot;:&quot;classic&quot;}\">\n\t\t\t\t\t<div class=\"e-con-inner\">\n\t\t<div class=\"elementor-element elementor-element-4677286 e-con-full e-flex e-con e-child\" data-id=\"4677286\" data-element_type=\"container\" data-e-type=\"container\">\n\t\t<div class=\"elementor-element elementor-element-5e8ee32 e-flex e-con-boxed e-con e-child\" data-id=\"5e8ee32\" data-element_type=\"container\" data-e-type=\"container\">\n\t\t\t\t\t<div class=\"e-con-inner\">\n\t\t\t\t<div class=\"elementor-element elementor-element-9a93d89 elementor-icon-list--layout-inline elementor-align-center elementor-widget__width-auto elementor-list-item-link-full_width elementor-widget elementor-widget-icon-list\" data-id=\"9a93d89\" data-element_type=\"widget\" data-e-type=\"widget\" data-widget_type=\"icon-list.default\">\n\t\t\t\t<div class=\"elementor-widget-container\">\n\t\t\t\t\t\t\t<ul class=\"elementor-icon-list-items elementor-inline-items\">\n\t\t\t\t\t\t\t<li class=\"elementor-icon-list-item elementor-inline-item\">\n\t\t\t\t\t\t\t\t\t\t\t<a href=\"#\">\n\n\t\t\t\t\t\t\t\t\t\t\t<span class=\"elementor-icon-list-text\">In\u00edcio<\/span>\n\t\t\t\t\t\t\t\t\t\t\t<\/a>\n\t\t\t\t\t\t\t\t\t<\/li>\n\t\t\t\t\t\t\t\t<li class=\"elementor-icon-list-item elementor-inline-item\">\n\t\t\t\t\t\t\t\t\t\t<span class=\"elementor-icon-list-text\"><\/span>\n\t\t\t\t\t\t\t\t\t<\/li>\n\t\t\t\t\t\t<\/ul>\n\t\t\t\t\t\t<\/div>\n\t\t\t\t<\/div>\n\t\t\t\t\t<\/div>\n\t\t\t\t<\/div>\n\t\t\t\t<\/div>\n\t\t\t\t\t<\/div>\n\t\t\t\t<\/div>\n\t\t<div class=\"elementor-element elementor-element-fa0e3d0 e-flex e-con-boxed e-con e-parent\" data-id=\"fa0e3d0\" data-element_type=\"container\" data-e-type=\"container\">\n\t\t\t\t\t<div class=\"e-con-inner\">\n\t\t<div class=\"elementor-element elementor-element-31c8145 e-con-full e-flex e-con e-child\" data-id=\"31c8145\" data-element_type=\"container\" data-e-type=\"container\">\n\t\t\t\t<div class=\"elementor-element elementor-element-ac349cc elementor-widget__width-auto elementor-widget elementor-widget-image\" data-id=\"ac349cc\" data-element_type=\"widget\" data-e-type=\"widget\" data-widget_type=\"image.default\">\n\t\t\t\t<div class=\"elementor-widget-container\">\n\t\t\t\t\t\t\t\t\t\t\t\t\t\t\t<img fetchpriority=\"high\" decoding=\"async\" width=\"540\" height=\"446\" src=\"https:\/\/transferbagagli.it\/wp-content\/uploads\/2023\/12\/transferBagagli-side.webp\" class=\"attachment-large size-large wp-image-1060\" alt=\"\" srcset=\"https:\/\/transferbagagli.it\/wp-content\/uploads\/2023\/12\/transferBagagli-side.webp 540w, https:\/\/transferbagagli.it\/wp-content\/uploads\/2023\/12\/transferBagagli-side-300x248.webp 300w\" sizes=\"(max-width: 540px) 100vw, 540px\" \/>\t\t\t\t\t\t\t\t\t\t\t\t\t\t\t<\/div>\n\t\t\t\t<\/div>\n\t\t\t\t<\/div>\n\t\t<div class=\"elementor-element elementor-element-fff4c8c e-con-full e-flex e-con e-child\" data-id=\"fff4c8c\" data-element_type=\"container\" data-e-type=\"container\">\n\t\t\t\t<div class=\"elementor-element elementor-element-caf88f3 elementor-widget elementor-widget-heading\" data-id=\"caf88f3\" data-element_type=\"widget\" data-e-type=\"widget\" data-widget_type=\"heading.default\">\n\t\t\t\t<div class=\"elementor-widget-container\">\n\t\t\t\t\t<h2 class=\"elementor-heading-title elementor-size-default\">O que fazemos: Servi\u00e7o de transporte de bagagens<\/h2>\t\t\t\t<\/div>\n\t\t\t\t<\/div>\n\t\t\t\t<div class=\"elementor-element elementor-element-08f2207 elementor-widget elementor-widget-heading\" data-id=\"08f2207\" data-element_type=\"widget\" data-e-type=\"widget\" data-widget_type=\"heading.default\">\n\t\t\t\t<div class=\"elementor-widget-container\">\n\t\t\t\t\t<h3 class=\"elementor-heading-title elementor-size-default\">Transportar sua bagagem \u00e9 nossa prioridade!<\/h3>\t\t\t\t<\/div>\n\t\t\t\t<\/div>\n\t\t\t\t<div class=\"elementor-element elementor-element-d7ad562 elementor-widget elementor-widget-text-editor\" data-id=\"d7ad562\" data-element_type=\"widget\" data-e-type=\"widget\" data-widget_type=\"text-editor.default\">\n\t\t\t\t<div class=\"elementor-widget-container\">\n\t\t\t\t\t\t\t\t\t<p>Coletamos, transportamos e entregamos sua bagagem de\/para:<\/p><p>&#8211; Cidade de Roma<br>&#8211; Aeroporto Fiumicino<br>&#8211; Porto de Civitavecchia<br>&#8211; Floren\u00e7a<br>&#8211; N\u00e1poles e Costa Amalfitana<br>&#8211; Bolonha<br>&#8211; Mil\u00e3o<\/p><p>e todas as cidades italianas e europ\u00e9ias de arte.<\/p>\t\t\t\t\t\t\t\t<\/div>\n\t\t\t\t<\/div>\n\t\t\t\t<\/div>\n\t\t\t\t\t<\/div>\n\t\t\t\t<\/div>\n\t\t<div class=\"elementor-element elementor-element-f18d428 e-flex e-con-boxed e-con e-parent\" data-id=\"f18d428\" data-element_type=\"container\" data-e-type=\"container\" data-settings=\"{&quot;background_background&quot;:&quot;classic&quot;}\">\n\t\t\t\t\t<div class=\"e-con-inner\">\n\t\t<div class=\"elementor-element elementor-element-55fe5ce e-con-full e-flex e-con e-child\" data-id=\"55fe5ce\" data-element_type=\"container\" data-e-type=\"container\">\n\t\t\t\t<div class=\"elementor-element elementor-element-1a0afd7 elementor-widget__width-initial elementor-widget elementor-widget-heading\" data-id=\"1a0afd7\" data-element_type=\"widget\" data-e-type=\"widget\" data-widget_type=\"heading.default\">\n\t\t\t\t<div class=\"elementor-widget-container\">\n\t\t\t\t\t<h2 class=\"elementor-heading-title elementor-size-default\">Solicite uma cota\u00e7\u00e3o para o transporte de sua bagagem<\/h2>\t\t\t\t<\/div>\n\t\t\t\t<\/div>\n\t\t\t\t<div class=\"elementor-element elementor-element-7254b27 elementor-widget elementor-widget-text-editor\" data-id=\"7254b27\" data-element_type=\"widget\" data-e-type=\"widget\" data-widget_type=\"text-editor.default\">\n\t\t\t\t<div class=\"elementor-widget-container\">\n\t\t\t\t\t\t\t\t\tTodos os nossos ve\u00edculos s\u00e3o lacrados para garantir a confidencialidade, a efici\u00eancia e a seguran\u00e7a do\n.\t\t\t\t\t\t\t\t<\/div>\n\t\t\t\t<\/div>\n\t\t\t\t<\/div>\n\t\t<div class=\"elementor-element elementor-element-c106655 e-con-full e-flex e-con e-child\" data-id=\"c106655\" data-element_type=\"container\" data-e-type=\"container\">\n\t\t\t\t<div class=\"elementor-element elementor-element-9b03c45 elementor-align-right elementor-mobile-align-center elementor-widget elementor-widget-button\" data-id=\"9b03c45\" data-element_type=\"widget\" data-e-type=\"widget\" data-widget_type=\"button.default\">\n\t\t\t\t<div class=\"elementor-widget-container\">\n\t\t\t\t\t\t\t\t\t<div class=\"elementor-button-wrapper\">\n\t\t\t\t\t<a class=\"elementor-button elementor-button-link elementor-size-sm\" href=\"https:\/\/transferbagagli.it\/contatti\/\">\n\t\t\t\t\t\t<span class=\"elementor-button-content-wrapper\">\n\t\t\t\t\t\t\t\t\t<span class=\"elementor-button-text\">Entre em contato conosco<\/span>\n\t\t\t\t\t<\/span>\n\t\t\t\t\t<\/a>\n\t\t\t\t<\/div>\n\t\t\t\t\t\t\t\t<\/div>\n\t\t\t\t<\/div>\n\t\t\t\t<\/div>\n\t\t\t\t\t<\/div>\n\t\t\t\t<\/div>\n\t\t\t\t<\/div>\n\t\t","protected":false},"excerpt":{"rendered":"<p>In\u00edcio O que fazemos: Servi\u00e7o de transporte de bagagens Transportar sua bagagem \u00e9 nossa prioridade! Coletamos, transportamos e entregamos sua bagagem de\/para: &#8211; Cidade de Roma&#8211; Aeroporto Fiumicino&#8211; Porto de Civitavecchia&#8211; Floren\u00e7a&#8211; N\u00e1poles e Costa Amalfitana&#8211; Bolonha&#8211; Mil\u00e3o e todas as cidades italianas e europ\u00e9ias de arte. Solicite uma cota\u00e7\u00e3o para o transporte de sua [&hellip;]<\/p>\n","protected":false},"author":1,"featured_media":0,"parent":0,"menu_order":0,"comment_status":"closed","ping_status":"closed","template":"","meta":{"footnotes":""},"class_list":["post-1054","page","type-page","status-publish","hentry"],"_links":{"self":[{"href":"https:\/\/transferbagagli.it\/pt-br\/wp-json\/wp\/v2\/pages\/1054","targetHints":{"allow":["GET"]}}],"collection":[{"href":"https:\/\/transferbagagli.it\/pt-br\/wp-json\/wp\/v2\/pages"}],"about":[{"href":"https:\/\/transferbagagli.it\/pt-br\/wp-json\/wp\/v2\/types\/page"}],"author":[{"embeddable":true,"href":"https:\/\/transferbagagli.it\/pt-br\/wp-json\/wp\/v2\/users\/1"}],"replies":[{"embeddable":true,"href":"https:\/\/transferbagagli.it\/pt-br\/wp-json\/wp\/v2\/comments?post=1054"}],"version-history":[{"count":2,"href":"https:\/\/transferbagagli.it\/pt-br\/wp-json\/wp\/v2\/pages\/1054\/revisions"}],"predecessor-version":[{"id":1065,"href":"https:\/\/transferbagagli.it\/pt-br\/wp-json\/wp\/v2\/pages\/1054\/revisions\/1065"}],"wp:attachment":[{"href":"https:\/\/transferbagagli.it\/pt-br\/wp-json\/wp\/v2\/media?parent=1054"}],"curies":[{"name":"wp","href":"https:\/\/api.w.org\/{rel}","templated":true}]}}